{"id":4349,"date":"2020-10-15T12:12:51","date_gmt":"2020-10-15T12:12:51","guid":{"rendered":"https:\/\/clemensblacquiere.com\/sessiegitarist\/?page_id=4349"},"modified":"2022-01-21T15:58:02","modified_gmt":"2022-01-21T15:58:02","slug":"studiogear","status":"publish","type":"page","link":"https:\/\/clemensblacquiere.com\/sessiegitarist\/studiogear\/","title":{"rendered":"Studiogear"},"content":{"rendered":"\n[et_pb_section fb_built=&#8221;1&#8243; module_id=&#8221;studiogear_banner&#8221; module_class=&#8221;overlay&#8221; _builder_version=&#8221;4.14.4&#8243; background_color=&#8221;#000000&#8243; background_image=&#8221;https:\/\/clemensblacquiere.com\/sessiegitarist\/wp-content\/uploads\/sites\/12\/2022\/01\/sessiegitarist_studiogear_v6.jpg&#8221; parallax=&#8221;on&#8221; animation_style=&#8221;fade&#8221; hover_enabled=&#8221;0&#8243; custom_css_main_element=&#8221;min-height: 100vh;||display: flex;||flex-direction: column;||justify-content: center;&#8221; global_colors_info=&#8221;{}&#8221; sticky_enabled=&#8221;0&#8243; alt=&#8221;foto clemens blacqui\u00e8re gitaar studio gear&#8221; title_text=&#8221;Clemens Blacqui\u00e8re Studio Gear&#8221;][et_pb_row _builder_version=&#8221;4.5.1&#8243; _module_preset=&#8221;default&#8221; custom_css_main_element=&#8221;z-index: 2 !important;&#8221; global_colors_info=&#8221;{}&#8221;][et_pb_column type=&#8221;4_4&#8243; _builder_version=&#8221;4.5.1&#8243; _module_preset=&#8221;default&#8221; global_colors_info=&#8221;{}&#8221;][et_pb_text _builder_version=&#8221;4.6.5&#8243; _module_preset=&#8221;default&#8221; custom_margin=&#8221;||0px||false|false&#8221; custom_padding=&#8221;||0px||false|false&#8221; animation_style=&#8221;fade&#8221; hover_enabled=&#8221;0&#8243; global_colors_info=&#8221;{}&#8221; sticky_enabled=&#8221;0&#8243;]<h1 id=\"banner_titel\">STUDIO GEAR<\/h1>[\/et_pb_text][\/et_pb_column][\/et_pb_row][\/et_pb_section][et_pb_section fb_built=&#8221;1&#8243; module_id=&#8221;studiogear_portret&#8221; _builder_version=&#8221;4.6.5&#8243; _module_preset=&#8221;default&#8221; background_color=&#8221;rgba(0,0,0,0.1)&#8221; background_image=&#8221;https:\/\/clemensblacquiere.com\/studiogear_portret_v5.jpg&#8221; parallax=&#8221;on&#8221; animation_style=&#8221;fade&#8221; global_colors_info=&#8221;{}&#8221;][et_pb_row _builder_version=&#8221;4.5.3&#8243; _module_preset=&#8221;default&#8221; background_enable_image=&#8221;off&#8221; background_size=&#8221;initial&#8221; background_position=&#8221;top_right&#8221; global_colors_info=&#8221;{}&#8221;][et_pb_column type=&#8221;4_4&#8243; _builder_version=&#8221;4.5.3&#8243; _module_preset=&#8221;default&#8221; global_colors_info=&#8221;{}&#8221;][et_pb_text _builder_version=&#8221;4.6.5&#8243; _module_preset=&#8221;default&#8221; text_font_size=&#8221;18px&#8221; animation_style=&#8221;fade&#8221; global_colors_info=&#8221;{}&#8221;]<p>In mijn studio werk ik graag met de volgende apparatuur:<\/p>[\/et_pb_text][\/et_pb_column][\/et_pb_row][et_pb_row column_structure=&#8221;1_3,1_3,1_3&#8243; module_class=&#8221;studiogear_pc&#8221; _builder_version=&#8221;4.7.7&#8243; _module_preset=&#8221;default&#8221; global_colors_info=&#8221;{}&#8221;][et_pb_column type=&#8221;1_3&#8243; _builder_version=&#8221;4.5.8&#8243; _module_preset=&#8221;default&#8221; global_colors_info=&#8221;{}&#8221;][et_pb_text _builder_version=&#8221;4.6.5&#8243; _module_preset=&#8221;default&#8221; text_font_size=&#8221;18px&#8221; custom_margin=&#8221;|-1em|||false|false&#8221; custom_margin_tablet=&#8221;&#8221; custom_margin_phone=&#8221;&#8221; custom_margin_last_edited=&#8221;on|desktop&#8221; custom_padding=&#8221;||||false|false&#8221; custom_padding_tablet=&#8221;&#8221; custom_padding_phone=&#8221;&#8221; custom_padding_last_edited=&#8221;on|desktop&#8221; animation_style=&#8221;fade&#8221; global_colors_info=&#8221;{}&#8221;]<p><strong><span class=\"wit\">Computer<\/span><\/strong><br \/> MacBook Pro 3,1 GHz i7<\/p>\n<p><strong><span class=\"wit\">Daw<\/span><\/strong><br \/> Logic Pro X<\/p>\n<p><strong><span class=\"wit\">Preamps<\/span><\/strong><br \/> API 512c<br \/> Apogee Duet 2<br \/> Avalon U5<br \/> Apollo X8 Unison pre\u2019s<\/p>\n<p><strong><span class=\"wit\">Interface<\/span><\/strong><br \/> Universal Audio Apollo X8 <strong><span class=\"wit\">|<\/span><\/strong> Apollo Twin<\/p>\n<p><strong><span class=\"wit\">Mics<\/span><\/strong><br \/> Neumann Km184<br \/> Aston Origin<br \/> SE Electronics se2200<br \/> Shure Sm57<\/p>\n<p><strong><span class=\"wit\">Monitors<\/span><\/strong><br \/> Eve SC205&#8217;s<br \/> Yamaha NS-10M&#8217;s<\/p>[\/et_pb_text][\/et_pb_column][et_pb_column type=&#8221;1_3&#8243; _builder_version=&#8221;4.5.8&#8243; _module_preset=&#8221;default&#8221; global_colors_info=&#8221;{}&#8221;][et_pb_image src=&#8221;https:\/\/clemensblacquiere.com\/sessiegitarist\/wp-content\/uploads\/sites\/12\/2020\/09\/gear_pedalboard4.jpg&#8221; alt=&#8221;Studio Rack Clemens Blacqui\u00e8re, door Clemens Blacqui\u00e8re&#8221; title_text=&#8221;Studio Rack Clemens Blacqui\u00e8re, door Clemens Blacqui\u00e8re&#8221; show_in_lightbox=&#8221;on&#8221; _builder_version=&#8221;4.8.1&#8243; _module_preset=&#8221;default&#8221; width=&#8221;264px&#8221; width_tablet=&#8221;100%&#8221; width_phone=&#8221;&#8221; width_last_edited=&#8221;on|phone&#8221; animation_style=&#8221;fade&#8221; border_width_all=&#8221;7px&#8221; border_color_all=&#8221;#ffffff&#8221; box_shadow_style=&#8221;preset6&#8243; box_shadow_color=&#8221;#000000&#8243; global_colors_info=&#8221;{}&#8221;][\/et_pb_image][\/et_pb_column][et_pb_column type=&#8221;1_3&#8243; _builder_version=&#8221;4.5.8&#8243; _module_preset=&#8221;default&#8221; global_colors_info=&#8221;{}&#8221;][et_pb_text _builder_version=&#8221;4.7.7&#8243; _module_preset=&#8221;default&#8221; text_font_size=&#8221;18px&#8221; custom_margin=&#8221;|||-4.5em|false|false&#8221; custom_margin_tablet=&#8221;|||0em|false|false&#8221; custom_margin_phone=&#8221;&#8221; custom_margin_last_edited=&#8221;on|phone&#8221; custom_padding=&#8221;||||false|false&#8221; custom_padding_tablet=&#8221;&#8221; custom_padding_phone=&#8221;&#8221; custom_padding_last_edited=&#8221;on|desktop&#8221; animation_style=&#8221;fade&#8221; global_colors_info=&#8221;{}&#8221;]<p><strong><span class=\"wit\">Studio Rack<\/span><\/strong><br \/> Universal Audio Ox<br \/> Furman M-10x E<br \/> Kemper Profiler Rack<br \/> API 500 Rack<br \/> <span class=\"bolletje\">\u2022<\/span> API 512c<br \/> RJM RG-16<br \/> TC G-Force<br \/> Line6 Echo Pro<br \/> Fulltone Tube Tape Echo<br \/> RJM Mini Effect Gizmo:<br \/> <span class=\"bolletje\">\u2022<\/span> Xotic RC Booster<br \/> <span class=\"bolletje\">\u2022<\/span> Marshall Bluesbreaker<br \/> <span class=\"bolletje\">\u2022<\/span> Nobels ODR1<br \/> <span class=\"bolletje\">\u2022<\/span> Ibanez Mostortion<br \/> <span class=\"bolletje\">\u2022<\/span> Way Huge Fat Sandwich<br \/> <span class=\"bolletje\">\u2022<\/span> Tube Works Tube Driver<br \/> <span class=\"bolletje\">\u2022<\/span> Klon Centaur<br \/> <span class=\"bolletje\">\u2022<\/span> Vemuram Jan Rey<\/p>[\/et_pb_text][\/et_pb_column][\/et_pb_row][et_pb_row column_structure=&#8221;1_2,1_2&#8243; module_class=&#8221;studiogear_tablet&#8221; _builder_version=&#8221;4.7.7&#8243; _module_preset=&#8221;default&#8221; global_colors_info=&#8221;{}&#8221;][et_pb_column type=&#8221;1_2&#8243; _builder_version=&#8221;4.5.8&#8243; _module_preset=&#8221;default&#8221; global_colors_info=&#8221;{}&#8221;][et_pb_text _builder_version=&#8221;4.7.7&#8243; _module_preset=&#8221;default&#8221; text_font_size=&#8221;18px&#8221; custom_margin=&#8221;|-1em|||false|false&#8221; custom_margin_tablet=&#8221;&#8221; custom_margin_phone=&#8221;&#8221; custom_margin_last_edited=&#8221;on|desktop&#8221; custom_padding=&#8221;||||false|false&#8221; custom_padding_tablet=&#8221;&#8221; custom_padding_phone=&#8221;&#8221; custom_padding_last_edited=&#8221;on|desktop&#8221; animation_style=&#8221;fade&#8221; global_colors_info=&#8221;{}&#8221;]<p><strong><span class=\"wit\">Computer<\/span><\/strong><br \/> MacBook Pro 3,1 GHz i7<\/p>\n<p><strong><span class=\"wit\">Daw<\/span><\/strong><br \/> Logic Pro X<\/p>\n<p><strong><span class=\"wit\">Preamps<\/span><\/strong><br \/> API 512c<br \/> Apogee Duet 2<br \/> Avalon U5<br \/> Apollo X8 Unison pre\u2019s<\/p>[\/et_pb_text][\/et_pb_column][et_pb_column type=&#8221;1_2&#8243; _builder_version=&#8221;4.5.8&#8243; _module_preset=&#8221;default&#8221; global_colors_info=&#8221;{}&#8221;][et_pb_text _builder_version=&#8221;4.7.7&#8243; _module_preset=&#8221;default&#8221; text_font_size=&#8221;18px&#8221; custom_margin=&#8221;|-1em|||false|false&#8221; custom_margin_tablet=&#8221;&#8221; custom_margin_phone=&#8221;&#8221; custom_margin_last_edited=&#8221;on|desktop&#8221; custom_padding=&#8221;||||false|false&#8221; custom_padding_tablet=&#8221;&#8221; custom_padding_phone=&#8221;&#8221; custom_padding_last_edited=&#8221;on|desktop&#8221; animation_style=&#8221;fade&#8221; global_colors_info=&#8221;{}&#8221;]<p><strong><span class=\"wit\">Interface<\/span><\/strong><br \/> Universal Audio Apollo X8 <strong><span class=\"wit\">|<\/span><\/strong> Apollo Twin<\/p>\n<p><strong><span class=\"wit\">Mics<\/span><\/strong><br \/> Neumann Km184<br \/> Aston Origin<br \/> SE Electronics se2200<br \/> Shure Sm57<\/p>\n<p><strong><span class=\"wit\">Monitors<\/span><\/strong><br \/> Eve SC205&#8217;s<br \/> Yamaha NS-10M&#8217;s<\/p>[\/et_pb_text][\/et_pb_column][\/et_pb_row][et_pb_row column_structure=&#8221;1_2,1_2&#8243; module_class=&#8221;studiogear_tablet&#8221; _builder_version=&#8221;4.7.7&#8243; _module_preset=&#8221;default&#8221; custom_margin=&#8221;5em||||false|false&#8221; global_colors_info=&#8221;{}&#8221;][et_pb_column type=&#8221;1_2&#8243; _builder_version=&#8221;4.5.8&#8243; _module_preset=&#8221;default&#8221; global_colors_info=&#8221;{}&#8221;][et_pb_image src=&#8221;https:\/\/clemensblacquiere.com\/sessiegitarist\/wp-content\/uploads\/sites\/12\/2020\/09\/gear_pedalboard4.jpg&#8221; alt=&#8221;foto gear gitaren clemens blacquiere, door clemens blacquiere&#8221; title_text=&#8221;Pedalboard4 Clemens Blacqui\u00e8re, door Clemens Blacqui\u00e8re&#8221; show_in_lightbox=&#8221;on&#8221; _builder_version=&#8221;4.6.5&#8243; _module_preset=&#8221;default&#8221; width=&#8221;264px&#8221; width_tablet=&#8221;100%&#8221; width_phone=&#8221;&#8221; width_last_edited=&#8221;on|phone&#8221; animation_style=&#8221;fade&#8221; border_width_all=&#8221;7px&#8221; border_color_all=&#8221;#ffffff&#8221; box_shadow_style=&#8221;preset6&#8243; box_shadow_color=&#8221;#000000&#8243; global_colors_info=&#8221;{}&#8221;][\/et_pb_image][\/et_pb_column][et_pb_column type=&#8221;1_2&#8243; _builder_version=&#8221;4.5.8&#8243; _module_preset=&#8221;default&#8221; global_colors_info=&#8221;{}&#8221;][et_pb_text _builder_version=&#8221;4.7.7&#8243; _module_preset=&#8221;default&#8221; text_font_size=&#8221;18px&#8221; custom_margin=&#8221;||||false|false&#8221; custom_margin_tablet=&#8221;|||0em|false|false&#8221; custom_margin_phone=&#8221;&#8221; custom_margin_last_edited=&#8221;on|phone&#8221; custom_padding=&#8221;||||false|false&#8221; custom_padding_tablet=&#8221;&#8221; custom_padding_phone=&#8221;&#8221; custom_padding_last_edited=&#8221;on|desktop&#8221; animation_style=&#8221;fade&#8221; global_colors_info=&#8221;{}&#8221;]<p><strong><span class=\"wit\">Studio Rack<\/span><\/strong><br \/> Universal Audio Ox<br \/> Furman M-10x E<br \/> Kemper Profiler Rack<br \/> API 500 Rack<br \/> <span class=\"bolletje\">\u2022<\/span> API 512c<br \/> RJM RG-16<br \/> TC G-Force<br \/> Line6 Echo Pro<br \/> Fulltone Tube Tape Echo<br \/> RJM Mini Effect Gizmo:<br \/> <span class=\"bolletje\">\u2022<\/span> Xotic RC Booster<br \/> <span class=\"bolletje\">\u2022<\/span> Marshall Bluesbreaker<br \/> <span class=\"bolletje\">\u2022<\/span> Nobels ODR1<br \/> <span class=\"bolletje\">\u2022<\/span> Ibanez Mostortion<br \/> <span class=\"bolletje\">\u2022<\/span> Way Huge Fat Sandwich<br \/> <span class=\"bolletje\">\u2022<\/span> Tube Works Tube Driver<br \/> <span class=\"bolletje\">\u2022<\/span> Klon Centaur<br \/> <span class=\"bolletje\">\u2022<\/span> Vemuram Jan Rey<\/p>[\/et_pb_text][\/et_pb_column][\/et_pb_row][et_pb_row _builder_version=&#8221;4.5.3&#8243; _module_preset=&#8221;default&#8221; background_enable_image=&#8221;off&#8221; background_size=&#8221;initial&#8221; background_position=&#8221;top_right&#8221; global_colors_info=&#8221;{}&#8221;][et_pb_column type=&#8221;4_4&#8243; _builder_version=&#8221;4.5.3&#8243; _module_preset=&#8221;default&#8221; global_colors_info=&#8221;{}&#8221;][et_pb_text _builder_version=&#8221;4.6.5&#8243; _module_preset=&#8221;default&#8221; text_font_size=&#8221;18px&#8221; animation_style=&#8221;fade&#8221; global_colors_info=&#8221;{}&#8221;]<p>Kijk <a href=\"https:\/\/clemensblacquiere.com\/sessiegitarist\/gear\/\">hier<\/a> voor mijn verzameling gitaren, amps en pedalboards.<\/p>[\/et_pb_text][\/et_pb_column][\/et_pb_row][\/et_pb_section]\n","protected":false},"excerpt":{"rendered":"<p>STUDIO GEARIn mijn studio werk ik graag met de volgende apparatuur:Computer MacBook Pro 3,1 GHz i7 Daw Logic Pro X Preamps API 512c Apogee Duet 2 Avalon U5 Apollo X8 Unison pre\u2019s Interface Universal Audio Apollo X8 | Apollo Twin Mics Neumann Km184 Aston Origin SE Electronics se2200 Shure Sm57 Monitors Eve SC205&#8217;s Yamaha NS-10M&#8217;sStudio [&hellip;]<\/p>\n","protected":false},"author":1,"featured_media":0,"parent":0,"menu_order":0,"comment_status":"closed","ping_status":"closed","template":"","meta":{"_et_pb_use_builder":"on","_et_pb_old_content":"","_et_gb_content_width":"","_vp_format_video_url":"","_vp_image_focal_point":[]},"yoast_head":"<!-- This site is optimized with the Yoast SEO plugin v19.10 - https:\/\/yoast.com\/wordpress\/plugins\/seo\/ -->\n<title>Studiogear - Clemens Blacqui\u00e8re<\/title>\n<meta name=\"description\" content=\"Bekijk hier de verzameling apparatuur waar Clemens Blacqui\u00e8re in zijn studio mee werkt.\" \/>\n<meta name=\"robots\" content=\"index, follow, max-snippet:-1, max-image-preview:large, max-video-preview:-1\" \/>\n<link rel=\"canonical\" href=\"https:\/\/clemensblacquiere.com\/sessiegitarist\/studiogear\/\" \/>\n<meta property=\"og:locale\" content=\"nl_NL\" \/>\n<meta property=\"og:type\" content=\"article\" \/>\n<meta property=\"og:title\" content=\"Studiogear - Clemens Blacqui\u00e8re\" \/>\n<meta property=\"og:description\" content=\"Bekijk hier de verzameling apparatuur waar Clemens Blacqui\u00e8re in zijn studio mee werkt.\" \/>\n<meta property=\"og:url\" content=\"https:\/\/clemensblacquiere.com\/sessiegitarist\/studiogear\/\" \/>\n<meta property=\"og:site_name\" content=\"Clemens Blacqui\u00e8re\" \/>\n<meta property=\"article:modified_time\" content=\"2022-01-21T15:58:02+00:00\" \/>\n<meta name=\"twitter:card\" content=\"summary_large_image\" \/>\n<meta name=\"twitter:label1\" content=\"Geschatte leestijd\" \/>\n\t<meta name=\"twitter:data1\" content=\"3 minuten\" \/>\n<script type=\"application\/ld+json\" class=\"yoast-schema-graph\">{\"@context\":\"https:\/\/schema.org\",\"@graph\":[{\"@type\":\"WebPage\",\"@id\":\"https:\/\/clemensblacquiere.com\/sessiegitarist\/studiogear\/\",\"url\":\"https:\/\/clemensblacquiere.com\/sessiegitarist\/studiogear\/\",\"name\":\"Studiogear - Clemens Blacqui\u00e8re\",\"isPartOf\":{\"@id\":\"https:\/\/clemensblacquiere.com\/sessiegitarist\/#website\"},\"datePublished\":\"2020-10-15T12:12:51+00:00\",\"dateModified\":\"2022-01-21T15:58:02+00:00\",\"description\":\"Bekijk hier de verzameling apparatuur waar Clemens Blacqui\u00e8re in zijn studio mee werkt.\",\"breadcrumb\":{\"@id\":\"https:\/\/clemensblacquiere.com\/sessiegitarist\/studiogear\/#breadcrumb\"},\"inLanguage\":\"nl\",\"potentialAction\":[{\"@type\":\"ReadAction\",\"target\":[\"https:\/\/clemensblacquiere.com\/sessiegitarist\/studiogear\/\"]}]},{\"@type\":\"BreadcrumbList\",\"@id\":\"https:\/\/clemensblacquiere.com\/sessiegitarist\/studiogear\/#breadcrumb\",\"itemListElement\":[{\"@type\":\"ListItem\",\"position\":1,\"name\":\"Home\",\"item\":\"https:\/\/clemensblacquiere.com\/sessiegitarist\/\"},{\"@type\":\"ListItem\",\"position\":2,\"name\":\"Studiogear\"}]},{\"@type\":\"WebSite\",\"@id\":\"https:\/\/clemensblacquiere.com\/sessiegitarist\/#website\",\"url\":\"https:\/\/clemensblacquiere.com\/sessiegitarist\/\",\"name\":\"Clemens Blacqui\u00e8re\",\"description\":\"Sessie Gitarist\",\"potentialAction\":[{\"@type\":\"SearchAction\",\"target\":{\"@type\":\"EntryPoint\",\"urlTemplate\":\"https:\/\/clemensblacquiere.com\/sessiegitarist\/?s={search_term_string}\"},\"query-input\":\"required name=search_term_string\"}],\"inLanguage\":\"nl\"}]}<\/script>\n<!-- \/ Yoast SEO plugin. -->","yoast_head_json":{"title":"Studiogear - Clemens Blacqui\u00e8re","description":"Bekijk hier de verzameling apparatuur waar Clemens Blacqui\u00e8re in zijn studio mee werkt.","robots":{"index":"index","follow":"follow","max-snippet":"max-snippet:-1","max-image-preview":"max-image-preview:large","max-video-preview":"max-video-preview:-1"},"canonical":"https:\/\/clemensblacquiere.com\/sessiegitarist\/studiogear\/","og_locale":"nl_NL","og_type":"article","og_title":"Studiogear - Clemens Blacqui\u00e8re","og_description":"Bekijk hier de verzameling apparatuur waar Clemens Blacqui\u00e8re in zijn studio mee werkt.","og_url":"https:\/\/clemensblacquiere.com\/sessiegitarist\/studiogear\/","og_site_name":"Clemens Blacqui\u00e8re","article_modified_time":"2022-01-21T15:58:02+00:00","twitter_card":"summary_large_image","twitter_misc":{"Geschatte leestijd":"3 minuten"},"schema":{"@context":"https:\/\/schema.org","@graph":[{"@type":"WebPage","@id":"https:\/\/clemensblacquiere.com\/sessiegitarist\/studiogear\/","url":"https:\/\/clemensblacquiere.com\/sessiegitarist\/studiogear\/","name":"Studiogear - Clemens Blacqui\u00e8re","isPartOf":{"@id":"https:\/\/clemensblacquiere.com\/sessiegitarist\/#website"},"datePublished":"2020-10-15T12:12:51+00:00","dateModified":"2022-01-21T15:58:02+00:00","description":"Bekijk hier de verzameling apparatuur waar Clemens Blacqui\u00e8re in zijn studio mee werkt.","breadcrumb":{"@id":"https:\/\/clemensblacquiere.com\/sessiegitarist\/studiogear\/#breadcrumb"},"inLanguage":"nl","potentialAction":[{"@type":"ReadAction","target":["https:\/\/clemensblacquiere.com\/sessiegitarist\/studiogear\/"]}]},{"@type":"BreadcrumbList","@id":"https:\/\/clemensblacquiere.com\/sessiegitarist\/studiogear\/#breadcrumb","itemListElement":[{"@type":"ListItem","position":1,"name":"Home","item":"https:\/\/clemensblacquiere.com\/sessiegitarist\/"},{"@type":"ListItem","position":2,"name":"Studiogear"}]},{"@type":"WebSite","@id":"https:\/\/clemensblacquiere.com\/sessiegitarist\/#website","url":"https:\/\/clemensblacquiere.com\/sessiegitarist\/","name":"Clemens Blacqui\u00e8re","description":"Sessie Gitarist","potentialAction":[{"@type":"SearchAction","target":{"@type":"EntryPoint","urlTemplate":"https:\/\/clemensblacquiere.com\/sessiegitarist\/?s={search_term_string}"},"query-input":"required name=search_term_string"}],"inLanguage":"nl"}]}},"_links":{"self":[{"href":"https:\/\/clemensblacquiere.com\/sessiegitarist\/wp-json\/wp\/v2\/pages\/4349"}],"collection":[{"href":"https:\/\/clemensblacquiere.com\/sessiegitarist\/wp-json\/wp\/v2\/pages"}],"about":[{"href":"https:\/\/clemensblacquiere.com\/sessiegitarist\/wp-json\/wp\/v2\/types\/page"}],"author":[{"embeddable":true,"href":"https:\/\/clemensblacquiere.com\/sessiegitarist\/wp-json\/wp\/v2\/users\/1"}],"replies":[{"embeddable":true,"href":"https:\/\/clemensblacquiere.com\/sessiegitarist\/wp-json\/wp\/v2\/comments?post=4349"}],"version-history":[{"count":23,"href":"https:\/\/clemensblacquiere.com\/sessiegitarist\/wp-json\/wp\/v2\/pages\/4349\/revisions"}],"predecessor-version":[{"id":7254,"href":"https:\/\/clemensblacquiere.com\/sessiegitarist\/wp-json\/wp\/v2\/pages\/4349\/revisions\/7254"}],"wp:attachment":[{"href":"https:\/\/clemensblacquiere.com\/sessiegitarist\/wp-json\/wp\/v2\/media?parent=4349"}],"curies":[{"name":"wp","href":"https:\/\/api.w.org\/{rel}","templated":true}]}}